{"id":902,"date":"2021-09-01T22:59:31","date_gmt":"2021-09-01T22:59:31","guid":{"rendered":"http:\/\/www.nasabil.com\/?page_id=902"},"modified":"2021-11-08T11:19:29","modified_gmt":"2021-11-08T11:19:29","slug":"enerji-cozumleri","status":"publish","type":"page","link":"https:\/\/www.nasabil.com\/en\/enerji-cozumleri\/","title":{"rendered":"Energy Solutions"},"content":{"rendered":"","protected":false},"excerpt":{"rendered":"","protected":false},"author":1,"featured_media":0,"parent":0,"menu_order":0,"comment_status":"closed","ping_status":"closed","template":"","meta":{"footnotes":""},"class_list":["post-902","page","type-page","status-publish","hentry"],"yoast_head":"<!-- This site is optimized with the Yoast SEO plugin v26.9 - https:\/\/yoast.com\/product\/yoast-seo-wordpress\/ -->\n<title>Enerji \u00c7\u00f6z\u00fcmleri - Nasabil<\/title>\n<meta name=\"description\" content=\"Profesyonel enerji \u00e7\u00f6z\u00fcmleri i\u00e7in Nasa Bilgi \u0130\u015flem&#039;e ula\u015f\u0131n.\" \/>\n<meta name=\"robots\" content=\"index, follow, max-snippet:-1, max-image-preview:large, max-video-preview:-1\" \/>\n<link rel=\"canonical\" href=\"https:\/\/www.nasabil.com\/en\/enerji-cozumleri\/\" \/>\n<meta property=\"og:locale\" content=\"en_US\" \/>\n<meta property=\"og:type\" content=\"article\" \/>\n<meta property=\"og:title\" content=\"Enerji \u00c7\u00f6z\u00fcmleri - Nasabil\" \/>\n<meta property=\"og:description\" content=\"Profesyonel enerji \u00e7\u00f6z\u00fcmleri i\u00e7in Nasa Bilgi \u0130\u015flem&#039;e ula\u015f\u0131n.\" \/>\n<meta property=\"og:url\" content=\"https:\/\/www.nasabil.com\/en\/enerji-cozumleri\/\" \/>\n<meta property=\"og:site_name\" content=\"Nasabil\" \/>\n<meta property=\"article:modified_time\" content=\"2021-11-08T11:19:29+00:00\" \/>\n<meta name=\"twitter:card\" content=\"summary_large_image\" \/>\n<script type=\"application\/ld+json\" class=\"yoast-schema-graph\">{\"@context\":\"https:\/\/schema.org\",\"@graph\":[{\"@type\":\"WebPage\",\"@id\":\"https:\/\/www.nasabil.com\/enerji-cozumleri\/\",\"url\":\"https:\/\/www.nasabil.com\/enerji-cozumleri\/\",\"name\":\"Enerji \u00c7\u00f6z\u00fcmleri - Nasabil\",\"isPartOf\":{\"@id\":\"https:\/\/www.nasabil.com\/#website\"},\"datePublished\":\"2021-09-01T22:59:31+00:00\",\"dateModified\":\"2021-11-08T11:19:29+00:00\",\"description\":\"Profesyonel enerji \u00e7\u00f6z\u00fcmleri i\u00e7in Nasa Bilgi \u0130\u015flem'e ula\u015f\u0131n.\",\"breadcrumb\":{\"@id\":\"https:\/\/www.nasabil.com\/enerji-cozumleri\/#breadcrumb\"},\"inLanguage\":\"en-US\",\"potentialAction\":[{\"@type\":\"ReadAction\",\"target\":[\"https:\/\/www.nasabil.com\/enerji-cozumleri\/\"]}]},{\"@type\":\"BreadcrumbList\",\"@id\":\"https:\/\/www.nasabil.com\/enerji-cozumleri\/#breadcrumb\",\"itemListElement\":[{\"@type\":\"ListItem\",\"position\":1,\"name\":\"Anasayfa\",\"item\":\"https:\/\/www.nasabil.com\/\"},{\"@type\":\"ListItem\",\"position\":2,\"name\":\"Enerji \u00c7\u00f6z\u00fcmleri\"}]},{\"@type\":\"WebSite\",\"@id\":\"https:\/\/www.nasabil.com\/#website\",\"url\":\"https:\/\/www.nasabil.com\/\",\"name\":\"Nasabil\",\"description\":\"Nasabil\",\"potentialAction\":[{\"@type\":\"SearchAction\",\"target\":{\"@type\":\"EntryPoint\",\"urlTemplate\":\"https:\/\/www.nasabil.com\/?s={search_term_string}\"},\"query-input\":{\"@type\":\"PropertyValueSpecification\",\"valueRequired\":true,\"valueName\":\"search_term_string\"}}],\"inLanguage\":\"en-US\"}]}<\/script>\n<!-- \/ Yoast SEO plugin. -->","yoast_head_json":{"title":"Enerji \u00c7\u00f6z\u00fcmleri - Nasabil","description":"Profesyonel enerji \u00e7\u00f6z\u00fcmleri i\u00e7in Nasa Bilgi \u0130\u015flem'e ula\u015f\u0131n.","robots":{"index":"index","follow":"follow","max-snippet":"max-snippet:-1","max-image-preview":"max-image-preview:large","max-video-preview":"max-video-preview:-1"},"canonical":"https:\/\/www.nasabil.com\/en\/enerji-cozumleri\/","og_locale":"en_US","og_type":"article","og_title":"Enerji \u00c7\u00f6z\u00fcmleri - Nasabil","og_description":"Profesyonel enerji \u00e7\u00f6z\u00fcmleri i\u00e7in Nasa Bilgi \u0130\u015flem'e ula\u015f\u0131n.","og_url":"https:\/\/www.nasabil.com\/en\/enerji-cozumleri\/","og_site_name":"Nasabil","article_modified_time":"2021-11-08T11:19:29+00:00","twitter_card":"summary_large_image","schema":{"@context":"https:\/\/schema.org","@graph":[{"@type":"WebPage","@id":"https:\/\/www.nasabil.com\/enerji-cozumleri\/","url":"https:\/\/www.nasabil.com\/enerji-cozumleri\/","name":"Enerji \u00c7\u00f6z\u00fcmleri - Nasabil","isPartOf":{"@id":"https:\/\/www.nasabil.com\/#website"},"datePublished":"2021-09-01T22:59:31+00:00","dateModified":"2021-11-08T11:19:29+00:00","description":"Profesyonel enerji \u00e7\u00f6z\u00fcmleri i\u00e7in Nasa Bilgi \u0130\u015flem'e ula\u015f\u0131n.","breadcrumb":{"@id":"https:\/\/www.nasabil.com\/enerji-cozumleri\/#breadcrumb"},"inLanguage":"en-US","potentialAction":[{"@type":"ReadAction","target":["https:\/\/www.nasabil.com\/enerji-cozumleri\/"]}]},{"@type":"BreadcrumbList","@id":"https:\/\/www.nasabil.com\/enerji-cozumleri\/#breadcrumb","itemListElement":[{"@type":"ListItem","position":1,"name":"Anasayfa","item":"https:\/\/www.nasabil.com\/"},{"@type":"ListItem","position":2,"name":"Enerji \u00c7\u00f6z\u00fcmleri"}]},{"@type":"WebSite","@id":"https:\/\/www.nasabil.com\/#website","url":"https:\/\/www.nasabil.com\/","name":"Nasabil","description":"Nasabil","potentialAction":[{"@type":"SearchAction","target":{"@type":"EntryPoint","urlTemplate":"https:\/\/www.nasabil.com\/?s={search_term_string}"},"query-input":{"@type":"PropertyValueSpecification","valueRequired":true,"valueName":"search_term_string"}}],"inLanguage":"en-US"}]}},"_links":{"self":[{"href":"https:\/\/www.nasabil.com\/en\/wp-json\/wp\/v2\/pages\/902","targetHints":{"allow":["GET"]}}],"collection":[{"href":"https:\/\/www.nasabil.com\/en\/wp-json\/wp\/v2\/pages"}],"about":[{"href":"https:\/\/www.nasabil.com\/en\/wp-json\/wp\/v2\/types\/page"}],"author":[{"embeddable":true,"href":"https:\/\/www.nasabil.com\/en\/wp-json\/wp\/v2\/users\/1"}],"replies":[{"embeddable":true,"href":"https:\/\/www.nasabil.com\/en\/wp-json\/wp\/v2\/comments?post=902"}],"version-history":[{"count":5,"href":"https:\/\/www.nasabil.com\/en\/wp-json\/wp\/v2\/pages\/902\/revisions"}],"predecessor-version":[{"id":1384,"href":"https:\/\/www.nasabil.com\/en\/wp-json\/wp\/v2\/pages\/902\/revisions\/1384"}],"wp:attachment":[{"href":"https:\/\/www.nasabil.com\/en\/wp-json\/wp\/v2\/media?parent=902"}],"curies":[{"name":"wp","href":"https:\/\/api.w.org\/{rel}","templated":true}]}}